{"id":7872,"date":"2022-06-19T04:19:59","date_gmt":"2022-06-19T04:19:59","guid":{"rendered":"https:\/\/piicco.com\/consentement\/"},"modified":"2022-09-13T18:56:20","modified_gmt":"2022-09-13T18:56:20","slug":"consentimento","status":"publish","type":"page","link":"https:\/\/piicco.com\/pt-pt\/consentimento\/","title":{"rendered":"Consentimento"},"content":{"rendered":"<p>[vc_row css=&#8221;.vc_custom_1542962355815{padding-top: 110px !important;padding-bottom: 10px !important;}&#8221;][vc_column enable_content_animation=&#8221;yes&#8221; ca_init_scale_x=&#8221;1&#8243; ca_init_scale_y=&#8221;1&#8243; ca_init_scale_z=&#8221;1&#8243; ca_init_opacity=&#8221;0&#8243; ca_an_scale_x=&#8221;1&#8243; ca_an_scale_y=&#8221;1&#8243; ca_an_scale_z=&#8221;1&#8243; ca_an_opacity=&#8221;1&#8243; align=&#8221;text-left&#8221; offset=&#8221;vc_col-md-offset-2 vc_col-md-8&#8243; ca_init_translate_y=&#8221;45&#8243; css=&#8221;.vc_custom_1614206861227{margin-top: 150px !important;margin-bottom: 150px !important;}&#8221;]<style>.ld_fancy_heading_69eb94f654f6d h5{font-weight:700;color:rgb(255, 142, 50);}.ld_fancy_heading_69eb94f654f6d .lqd-highlight-inner{height:0.275em;bottom:0px;}<\/style><div class=\"ld-fancy-heading ld_fancy_heading_69eb94f654f6d\">\n\t<h5 class=\"lqd-highlight-underline lqd-highlight-grow-left\" ><span class=\"ld-fh-txt\"> <span style=\"color: #964aff\">CONSENTIMENTO<\/span><\/span><\/h5><\/div>[vc_column_text]<span style=\"color: #fffff3;\">Adoptado em 21 de Fevereiro de 2021 (Revisto em 27 de Maio de 2022)<br \/>\n<\/span><\/p>\n<p><span style=\"color: #b3b3ca;\">Confirmo que sou maior de idade e autorizo a recolha, utiliza\u00e7\u00e3o e divulga\u00e7\u00e3o das minhas informa\u00e7\u00f5es pessoais relacionadas com os servi\u00e7os e produtos associados a esta conta Piicco<sup>MR<\/sup>, tal como descrito nas pol\u00edticas.<\/span><\/p>\n<p><span style=\"color: #b3b3ca;\">OU<\/span><\/p>\n<p><span style=\"color: #b3b3ca;\">Confirmo que sou uma pessoa menor e tenho o consentimento de um pai ou tutor para a recolha, utiliza\u00e7\u00e3o e divulga\u00e7\u00e3o das minhas informa\u00e7\u00f5es pessoais relacionadas com os servi\u00e7os e produtos associados a esta conta Piicco<sup>MR<\/sup>, tal como descrito nas pol\u00edticas.<\/span><\/p>\n<p><span style=\"color: #b3b3ca;\">OU<\/span><\/p>\n<p><span style=\"color: #b3b3ca;\">Confirmo que sou o pai ou tutor desta pessoa menor e dou o meu consentimento para a recolha, utiliza\u00e7\u00e3o e divulga\u00e7\u00e3o das suas informa\u00e7\u00f5es pessoais relacionadas com os servi\u00e7os e produtos associados a esta conta Piicco<sup>MR<\/sup>, tal como descrito nas pol\u00edticas<\/span>[\/vc_column_text][\/vc_column][\/vc_row]<\/p>\n","protected":false},"excerpt":{"rendered":"<p>[vc_row css=&#8221;.vc_custom_1542962355815{padding-top: 110px !important;padding-bottom: 10px !important;}&#8221;][vc_column enable_content_animation=&#8221;yes&#8221; ca_init_scale_x=&#8221;1&#8243; ca_init_scale_y=&#8221;1&#8243; ca_init_scale_z=&#8221;1&#8243; ca_init_opacity=&#8221;0&#8243; ca_an_scale_x=&#8221;1&#8243; ca_an_scale_y=&#8221;1&#8243; ca_an_scale_z=&#8221;1&#8243; ca_an_opacity=&#8221;1&#8243;&#8230;<\/p>\n","protected":false},"author":1,"featured_media":0,"parent":0,"menu_order":0,"comment_status":"closed","ping_status":"closed","template":"","meta":{"footnotes":""},"class_list":["post-7872","page","type-page","status-publish","hentry"],"_links":{"self":[{"href":"https:\/\/piicco.com\/pt-pt\/wp-json\/wp\/v2\/pages\/7872","targetHints":{"allow":["GET"]}}],"collection":[{"href":"https:\/\/piicco.com\/pt-pt\/wp-json\/wp\/v2\/pages"}],"about":[{"href":"https:\/\/piicco.com\/pt-pt\/wp-json\/wp\/v2\/types\/page"}],"author":[{"embeddable":true,"href":"https:\/\/piicco.com\/pt-pt\/wp-json\/wp\/v2\/users\/1"}],"replies":[{"embeddable":true,"href":"https:\/\/piicco.com\/pt-pt\/wp-json\/wp\/v2\/comments?post=7872"}],"version-history":[{"count":3,"href":"https:\/\/piicco.com\/pt-pt\/wp-json\/wp\/v2\/pages\/7872\/revisions"}],"predecessor-version":[{"id":7890,"href":"https:\/\/piicco.com\/pt-pt\/wp-json\/wp\/v2\/pages\/7872\/revisions\/7890"}],"wp:attachment":[{"href":"https:\/\/piicco.com\/pt-pt\/wp-json\/wp\/v2\/media?parent=7872"}],"curies":[{"name":"wp","href":"https:\/\/api.w.org\/{rel}","templated":true}]}}