{"id":7859,"date":"2021-02-25T18:26:49","date_gmt":"2021-02-25T18:26:49","guid":{"rendered":"https:\/\/piicco.com\/conditions\/"},"modified":"2022-09-13T18:56:19","modified_gmt":"2022-09-13T18:56:19","slug":"condicoes-de-utilizacao","status":"publish","type":"page","link":"https:\/\/piicco.com\/pt-pt\/condicoes-de-utilizacao\/","title":{"rendered":"Condi\u00e7\u00f5es de utiliza\u00e7\u00e3o"},"content":{"rendered":"<p>[vc_row css=&#8221;.vc_custom_1542962355815{padding-top: 110px !important;padding-bottom: 10px !important;}&#8221;][vc_column enable_content_animation=&#8221;yes&#8221; ca_init_scale_x=&#8221;1&#8243; ca_init_scale_y=&#8221;1&#8243; ca_init_scale_z=&#8221;1&#8243; ca_init_opacity=&#8221;0&#8243; ca_an_scale_x=&#8221;1&#8243; ca_an_scale_y=&#8221;1&#8243; ca_an_scale_z=&#8221;1&#8243; ca_an_opacity=&#8221;1&#8243; align=&#8221;text-left&#8221; offset=&#8221;vc_col-md-offset-2 vc_col-md-8&#8243; ca_init_translate_y=&#8221;45&#8243; css=&#8221;.vc_custom_1614206861227{margin-top: 150px !important;margin-bottom: 150px !important;}&#8221;]<style>.ld_fancy_heading_69eb94c28ae1b h5{font-weight:700;color:rgb(255, 142, 50);}.ld_fancy_heading_69eb94c28ae1b .lqd-highlight-inner{height:0.275em;bottom:0px;}<\/style><div class=\"ld-fancy-heading ld_fancy_heading_69eb94c28ae1b\">\n\t<h5 class=\"lqd-highlight-underline lqd-highlight-grow-left\" ><span class=\"ld-fh-txt\"> <span style=\"color: #964aff\">CONDI\u00c7\u00d5ES DE UTILIZA\u00c7\u00c3O DO S\u00cdTIO WEB,<br \/>\nAPLICA\u00c7\u00c3O WEB, APLICA\u00c7\u00c3O M\u00d3VEL E PLATAFORMAS<\/span><\/span><\/h5><\/div>[vc_column_text]<span style=\"color: #fffff3;\">Adoptado em 21 de Fevereiro de 2021 (Actualizado em 21 de Mar\u00e7o de 2022)<\/span><\/p>\n<p><span style=\"color: #b3b3ca;\">Os s\u00edtios Web www.piicco.com e www.piiccotalents.com, a aplica\u00e7\u00e3o web, a aplica\u00e7\u00e3o m\u00f3vel e as plataformas (doravante as &#8220;<strong>Plataformas<\/strong>&#8220;) s\u00e3o propriedade de <em>The Piicco Talents Group Inc.<\/em> (&#8220;<strong>Piicco<\/strong>&#8220;) e t\u00eam como objectivo fornecer informa\u00e7\u00f5es sobre Piicco, o seu neg\u00f3cio, servi\u00e7os e produtos, bem como interagir com os seus clientes e utilizadores sobre as caracter\u00edsticas das Plataformas. Mais precisamente, as Plataformas oferecem uma tecnologia \u00fanica modernizando a gest\u00e3o de talentos atl\u00e9ticos e o desporto online para todo o ecossistema atl\u00e9tico. A Piicco oferece caracter\u00edsticas integradas que permitem a liga\u00e7\u00e3o, liga\u00e7\u00e3o em rede, desenvolvimento e gest\u00e3o de comunica\u00e7\u00e3o e actividades a toda a comunidade desportiva. <\/span><\/p>\n<p><span style=\"color: #b3b3ca;\">As Plataformas incluem texto, imagens, excertos \u00e1udio e v\u00eddeo, software, tabelas e gr\u00e1ficos, interfaces, ou o c\u00f3digo e escolha do conte\u00fado e a sua disposi\u00e7\u00e3o e outros elementos (colectivamente, o &#8220;<strong>Conte\u00fado<\/strong>&#8220;) fornecidos pelo Piicco, em qualquer forma, ou utilizados sob licen\u00e7a por ele, o todo apenas para fins informativos.<\/span><\/p>\n<p><span style=\"color: #b3b3ca;\">Os presentes Termos regem a sua utiliza\u00e7\u00e3o de todas as caracter\u00edsticas das Plataformas, tal como fornecidas pelo Piicco. Por favor, dedique algum tempo \u00e0 leitura cuidadosa destes Termos de utiliza\u00e7\u00e3o, pois cont\u00eam termos e condi\u00e7\u00f5es relacionados com a sua utiliza\u00e7\u00e3o do Conte\u00fado, das Plataformas ou da sua navega\u00e7\u00e3o no mesmo.<\/span><\/p>\n<p><span style=\"color: #b3b3ca;\">AO ACEDER \u00c0S PLATAFORMAS OU AO DESCARREGAR O CONTE\u00daDO, CONCORDA EM FICAR VINCULADO SEM LIMITA\u00c7\u00d5ES OU RESTRI\u00c7\u00d5ES, E CONSIDERA-SE QUE ACEITOU AS CONDI\u00c7\u00d5ES DE UTILIZA\u00c7\u00c3O RELACIONADAS COM O MESMO (OS &#8220;<strong>TERMOS<\/strong>&#8220;). SE N\u00c3O CONCORDAR COM TODOS OS TERMOS E CONDI\u00c7\u00d5ES DE UTILIZA\u00c7\u00c3O, PEDIMOS-LHE QUE ABANDONE QUALQUER NAVEGA\u00c7\u00c3O NAS PLATAFORMAS E QUE AS ABANDONE IMEDIATAMENTE. AL\u00c9M DISSO, CASO N\u00c3O CUMPRA ESTES TERMOS, PIICCO RESERVA-SE O DIREITO DE RESTRINGIR O SEU ACESSO \u00c0S PLATAFORMAS, O TODO SEM AVISO PR\u00c9VIO E SEM PREJU\u00cdZO DE QUAISQUER OUTROS DIREITOS QUE PIICCO POSSA REIVINDICAR OU EXERCER. O CLIENTE TAMB\u00c9M CONCORDA EM N\u00c3O UTILIZAR AS PLATAFORMAS PARA FAZER AMEA\u00c7AS OU FAZER QUALQUER DECLARA\u00c7\u00c3O OU GESTO QUE CONSTITUA ASS\u00c9DIO OU ABUSO, VERBAL, ESCRITO OU OUTRO.<\/span><\/p>\n<p>&nbsp;<\/p>\n<p><span style=\"color: #964aff;\"><b>1. UTILIZA\u00c7\u00c3O DAS PLATAFORMAS<br \/>\n<\/b><\/span><\/p>\n<p><span style=\"color: #b3b3ca;\">O prop\u00f3sito das Plataformas \u00e9 facilitar a divulga\u00e7\u00e3o de informa\u00e7\u00e3o geral sobre os produtos e servi\u00e7os oferecidos pela Piicco no curso normal dos seus neg\u00f3cios e iniciar o contacto entre a Piicco e os seus clientes com o objectivo de oferecer a per\u00edcia desenvolvida pela Piicco. Mais precisamente, Piicco \u00e9 uma tecnologia \u00fanica que moderniza a gest\u00e3o de talentos atl\u00e9ticos e o desporto online, combinando caracter\u00edsticas integradas e permitindo a liga\u00e7\u00e3o, o networking, o desenvolvimento, e a comunica\u00e7\u00e3o e gest\u00e3o de actividades para toda a comunidade desportiva. As formas de gest\u00e3o de talentos atl\u00e9ticos s\u00e3o redesenhadas ligando todo o ecossistema desportivo e oferecendo aos atletas e a todo o ecossistema um meio simples de trabalho em rede, organizando as suas actividades, comunicando, evoluindo e partilhando oportunidades.<\/span><\/p>\n<p><span style=\"color: #b3b3ca;\">A este respeito, pode navegar nas Plataformas, sujeito ao que \u00e9 descrito abaixo, descarregar, partilhar e imprimir certas por\u00e7\u00f5es das mesmas.<\/span><\/p>\n<p><span style=\"color: #b3b3ca;\">A informa\u00e7\u00e3o encontrada nas Plataformas e no Conte\u00fado \u00e9 apenas para fins informativos e \u00e9-lhe fornecida tal como est\u00e1 e tal como est\u00e1 dispon\u00edvel. <strong>Piicco n\u00e3o faz qualquer representa\u00e7\u00e3o ou garantia quanto \u00e0 exactid\u00e3o ou integridade das informa\u00e7\u00f5es sobre as Plataformas ou o seu Conte\u00fado, sendo o todo feito \u00e0 sua inteira discri\u00e7\u00e3o e sem qualquer garantia de resultados.<\/strong><\/span><\/p>\n<p><span style=\"color: #b3b3ca;\">Como parte da sua utiliza\u00e7\u00e3o das Plataformas e do Conte\u00fado, o utilizador concorda com o seguinte:<\/span><\/p>\n<ul>\n<li><span style=\"color: #b3b3ca;\">n\u00e3o utilizar a Plataforma ou o Conte\u00fado, ou permitir ou facilitar a sua utiliza\u00e7\u00e3o por qualquer pessoa, de uma forma que constitua ou encoraje a perpetrar uma infrac\u00e7\u00e3o penal ou civil ou uma viola\u00e7\u00e3o dos direitos de propriedade intelectual, ou de uma forma que viole uma lei ou regulamento, ou que perturbe as actividades de Piicco;<\/span><\/li>\n<li><span style=\"color: #b3b3ca;\">n\u00e3o utilizar a Plataforma ou o Conte\u00fado, ou n\u00e3o permitir ou facilitar a sua utiliza\u00e7\u00e3o por qualquer pessoa para publicar qualquer Conte\u00fado que, na opini\u00e3o de uma pessoa razo\u00e1vel, constitua uma invas\u00e3o da privacidade de uma pessoa, um ataque \u00e0 integridade f\u00edsica ou moral de uma pessoa ou constitua conte\u00fado difamat\u00f3rio, abusivo, racista, violento, odioso ou intimidante e n\u00e3o publicar no Website qualquer Conte\u00fado que profane insultos \u00e9tnicos ou homof\u00f3bico ou ofensivo a qualquer religi\u00e3o ou cren\u00e7a espiritual, bem como qualquer ataque a uma determinada pessoa ou grupo de pessoas;<\/span><\/li>\n<li><span style=\"color: #b3b3ca;\">n\u00e3o utilizar as Plataformas ou o Conte\u00fado, ou permitir ou facilitar a sua utiliza\u00e7\u00e3o por qualquer pessoa sem ler e aceitar os termos de qualquer acordo ou condi\u00e7\u00f5es de licen\u00e7a em separado fornecido por Piicco, incluindo outras disposi\u00e7\u00f5es destes Termos;<\/span><\/li>\n<li><span style=\"color: #b3b3ca;\">n\u00e3o fazer quaisquer coment\u00e1rios ou gestos verbais, escritos ou outros assediadores ou abusivos a empregados, utilizadores, fornecedores, agentes ou representantes da Piicco;<\/span><\/li>\n<li><span style=\"color: #b3b3ca;\">n\u00e3o criar ou participar na cria\u00e7\u00e3o de uma plataforma reproduzindo, no todo ou em parte, as Plataformas, o Conte\u00fado ou qualquer marca registada de Piicco;<\/span><\/li>\n<li><span style=\"color: #b3b3ca;\">para qualquer pessoa menor (isto \u00e9, que n\u00e3o tenha atingido a maioridade segundo as regras em vigor na sua prov\u00edncia ou territ\u00f3rio de resid\u00eancia), n\u00e3o utilizar as Plataformas sem o consentimento do titular da autoridade parental e sem que essa autoridade tenha dado o seu consentimento expl\u00edcito para que o menor possa utilizar as Plataformas. Para este fim, recolhemos e utilizamos as informa\u00e7\u00f5es pessoais dos menores apenas com o consentimento ou autoriza\u00e7\u00e3o do titular da autoridade parental e utilizamos essas informa\u00e7\u00f5es apenas para efeitos de presta\u00e7\u00e3o de servi\u00e7os atrav\u00e9s das Plataformas;<\/span><\/li>\n<li><span style=\"color: #b3b3ca;\">n\u00e3o utilizar as Plataformas ou o Conte\u00fado, ou n\u00e3o permitir ou facilitar a sua utiliza\u00e7\u00e3o por qualquer pessoa a fim de transmitir qualquer comunica\u00e7\u00e3o que, na opini\u00e3o de uma pessoa razo\u00e1vel, constitua publicidade, uma oferta comercial, spam ou qualquer forma de solicita\u00e7\u00e3o;<\/span><\/li>\n<li><span style=\"color: #b3b3ca;\">n\u00e3o utilizar as Plataformas ou o Conte\u00fado, ou n\u00e3o permitir ou facilitar a sua utiliza\u00e7\u00e3o por qualquer pessoa para publicar Conte\u00fado que uma pessoa razo\u00e1vel possa considerar grosseiro, obsceno, indecente, vulgar, ou de natureza sexualmente sugestiva ou conflituoso com as normas da boa moral.<\/span><\/li>\n<\/ul>\n<p class=\"Normalindent1\"><span lang=\"FR-CA\" style=\"color: #b3b3ca;\">Finalmente, reconhece que \u00e9 o \u00fanico respons\u00e1vel por assegurar que os seus sistemas sejam capazes de utilizar as Plataformas. RECOMENDA-SE A UTILIZA\u00c7\u00c3O E ACTUALIZA\u00c7\u00c3O DE ANTIV\u00cdRUS, SOFTWARE ANTI-SPYWARE E FIREWALLS NOS SEUS SISTEMAS QUE D\u00c3O ACESSO \u00c0S PLATAFORMAS.<\/span><\/p>\n<p>&nbsp;<\/p>\n<p><span style=\"color: #964aff;\"><b>2. MONITORIZA\u00c7\u00c3O E CONTROLO<br \/>\n<\/b><\/span><\/p>\n<p class=\"Normalindent1\"><span lang=\"FR-CA\" style=\"color: #b3b3ca;\">A fim de lhe oferecer um conte\u00fado de qualidade nas Plataformas, Piicco reserva-se o direito de monitorizar e controlar qualquer Conte\u00fado por si publicado, conforme o caso, para assegurar o cumprimento destes Termos. O cliente consente, por este meio, tal monitoriza\u00e7\u00e3o e controlo.<\/span><\/p>\n<p class=\"Normalindent1\"><span lang=\"FR-CA\" style=\"color: #b3b3ca;\">N\u00e3o obstante o precedente, Piicco n\u00e3o faz qualquer declara\u00e7\u00e3o de que as Plataformas ser\u00e3o monitorizadas para o cumprimento destes Termos ou que far\u00e1 qualquer declara\u00e7\u00e3o em caso de qualquer desacordo com respeito a estes Termos.<\/span><\/p>\n<p>&nbsp;<\/p>\n<p><span style=\"color: #964aff;\"><b>3. COOKIES<br \/>\n<\/b><\/span><\/p>\n<p class=\"Normalindent1\"><span lang=\"FR-CA\" style=\"color: #b3b3ca;\">Os cookies s\u00e3o pequenos ficheiros de texto transferidos por um servidor web para o dispositivo do utilizador das Plataformas. Piicco utiliza cookies nas suas Plataformas, especialmente nos seus s\u00edtios Web, para acompanhar os locais que procurou e permitir-lhe regressar rapidamente a eles na pr\u00f3xima vez que visitar as Plataformas.<\/span><\/p>\n<p class=\"Normalindent1\"><span lang=\"FR-CA\" style=\"color: #b3b3ca;\">Nenhuma outra informa\u00e7\u00e3o \u00e9 recolhida quando se utilizam estas funcionalidades. No entanto, estes cookies n\u00e3o recolhem qualquer informa\u00e7\u00e3o pessoal sobre a pessoa que os utiliza.<\/span><\/p>\n<p class=\"Normalindent1\"><span lang=\"FR-CA\" style=\"color: #b3b3ca;\">Pode configurar o seu navegador para aceitar cookies, para o informar antes de os aceitar, ou para os recusar. Se recusar os cookies, note que algumas caracter\u00edsticas das Plataformas, tais como o registo das suas prefer\u00eancias, poder\u00e3o n\u00e3o estar dispon\u00edveis.<\/span><\/p>\n<p>&nbsp;<\/p>\n<p><span style=\"color: #964aff; text-transform: uppercase;\"><b>4. TERMOS E CONDI\u00c7\u00d5ES RELACIONADAS COM O CONTE\u00daDO<br \/>\n<\/b><\/span><\/p>\n<p><span style=\"color: #b3b3ca;\"><b>4.1 O Conte\u00fado das Plataformas n\u00e3o \u00e9 um reflexo da opini\u00e3o de Piicco<br \/>\n<\/b><\/span><\/p>\n<p><span style=\"color: #b3b3ca;\">As opini\u00f5es, coment\u00e1rios ou posi\u00e7\u00f5es contidas nas Plataformas representam apenas as opini\u00f5es ou posi\u00e7\u00f5es dos seus autores e em nenhum momento devem ser interpretadas como as do Piicco ou dos seus fornecedores terceiros. O utilizador reconhece que a Piicco ou os seus fornecedores terceiros n\u00e3o podem ser responsabilizados e, consequentemente, n\u00e3o t\u00eam qualquer responsabilidade em rela\u00e7\u00e3o a qualquer Conte\u00fado gerado por um utilizador das Plataformas, incluindo, mais particularmente, qualquer Conte\u00fado difamat\u00f3rio, odioso ou ofensivo, n\u00e3o obstante o facto de o conte\u00fado violar estes Termos.<\/span><\/p>\n<p><span style=\"color: #b3b3ca;\"><b>4.2 Elimina\u00e7\u00e3o de Conte\u00fado que n\u00e3o cumpra estes Termos<br \/>\n<\/b><\/span><\/p>\n<p><span style=\"color: #b3b3ca;\">Piicco reserva-se o direito de eliminar, a seu exclusivo crit\u00e9rio, qualquer Conte\u00fado que considere contr\u00e1rio a estes Termos ou ao esp\u00edrito dos presentes Termos, o todo, sem aviso pr\u00e9vio.<\/span><\/p>\n<p><span style=\"color: #b3b3ca;\"><b>4.3 Informa\u00e7\u00e3o<br \/>\n<\/b><\/span><\/p>\n<p><span style=\"color: #b3b3ca;\">AO ACEITAR ESTES TERMOS, \u00c9 O \u00daNICO RESPONS\u00c1VEL PELAS INFORMA\u00c7\u00d5ES, DADOS OU QUALQUER OUTRO CONTE\u00daDO QUE INTEGRA, DESCARREGA, PUBLICA OU TORNA P\u00daBLICO NAS PLATAFORMAS, SOB QUALQUER FORMA. DE ACORDO COM ESTES TERMOS, PIICCO N\u00c3O PODE SER RESPONSABILIZADO POR QUALQUER INFORMA\u00c7\u00c3O, DADOS OU QUALQUER OUTRO CONTE\u00daDO QUE INTEGRE, DESCARREGUE, PUBLIQUE OU DE QUALQUER OUTRA FORMA TORNE P\u00daBLICO NAS PLATAFORMAS. <\/span><\/p>\n<p>&nbsp;<\/p>\n<p><span style=\"color: #964aff; text-transform: uppercase;\"><b>5. COMPORTAMENTO DOS UTILIZADORES<br \/>\n<\/b><\/span><\/p>\n<p><span style=\"color: #b3b3ca;\"><b>5.1 Hacking e engenharia inversa<br \/>\n<\/b><\/span><\/p>\n<p><span style=\"color: #b3b3ca;\">Concorda em n\u00e3o infringir ou danificar as Plataformas. Mais particularmente, concorda em n\u00e3o sobrecarregar, perturbar, cometer hacking, modificar o c\u00f3digo-fonte das Plataformas ou fazer engenharia inversa das Plataformas ou de qualquer outro software relacionado. Al\u00e9m disso, o cliente concorda em n\u00e3o interferir com a utiliza\u00e7\u00e3o das Plataformas por outros utilizadores. Al\u00e9m disso, o utilizador concorda em n\u00e3o interferir com a utiliza\u00e7\u00e3o das Plataformas por outros utilizadores.<\/span><\/p>\n<p><span style=\"color: #b3b3ca;\"><b>5.2 Acesso \u00e0s Plataformas<br \/>\n<\/b><\/span><\/p>\n<p><span style=\"color: #b3b3ca;\">Concorda em apenas aceder \u00e0s Plataformas atrav\u00e9s do protocolo HTTP utilizando um navegador de Internet. Concorda em n\u00e3o tentar obter acesso aos servidores do Piicco por qualquer meio, incluindo a utiliza\u00e7\u00e3o da conta do Administrador. O cliente tamb\u00e9m concorda em n\u00e3o expor ou permitir a utiliza\u00e7\u00e3o de qualquer Conte\u00fado no Website que n\u00e3o seja acess\u00edvel ao p\u00fablico.<\/span><\/p>\n<p><span style=\"color: #b3b3ca;\"><b>5.3 Apenas para uso pessoal<br \/>\n<\/b><\/span><\/p>\n<p><span style=\"color: #b3b3ca;\">A utiliza\u00e7\u00e3o e navega\u00e7\u00e3o nas nossas Plataformas s\u00e3o exclusivamente para seu uso pessoal e n\u00e3o pode dar o seu acesso a terceiros. Est\u00e1 estritamente proibido de fingir ser um terceiro ao utilizar, criar uma conta ou navegar nas nossas Plataformas.<\/span><\/p>\n<p><span style=\"color: #b3b3ca;\"><b>5.4 Recolha de informa\u00e7\u00e3o<br \/>\n<\/b><\/span><\/p>\n<p><span style=\"color: #b3b3ca;\">O utilizador concorda em n\u00e3o utilizar qualquer processo, software ou outros meios ou procedimentos autom\u00e1ticos ou manuais para, entre outras coisas, aceder, recolher informa\u00e7\u00f5es, navegar ou digitalizar as Plataformas.<\/span><\/p>\n<p><span style=\"color: #b3b3ca;\"><b>5.5 Utiliza\u00e7\u00e3o das Plataformas apenas para um fim autorizado<br \/>\n<\/b><\/span><\/p>\n<p><span style=\"color: #b3b3ca;\">O utilizador concorda em n\u00e3o utilizar as Plataformas para qualquer outro fim, comercial ou n\u00e3o, n\u00e3o expressamente permitido por estes Termos.<\/span><\/p>\n<p>&nbsp;<\/p>\n<p><span style=\"color: #964aff; text-transform: uppercase;\"><b>6. PROPRIEDADE INTELECTUAL<br \/>\n<\/b><\/span><\/p>\n<p><span style=\"color: #b3b3ca;\"><b>6.1 Licen\u00e7a concedida a Piicco<br \/>\n<\/b><\/span><\/p>\n<p><span style=\"color: #b3b3ca;\">Ao submeter Conte\u00fado nas Plataformas, concede-nos uma licen\u00e7a ilimitada, perp\u00e9tua, transfer\u00edvel e n\u00e3o-exclusiva para o Conte\u00fado assim colocado nas Plataformas. Permite-nos public\u00e1-lo nas Plataformas. O Conte\u00fado pode ser reproduzido, reutilizado, reposicionado ou modificado de qualquer forma ou forma sem o seu consentimento pr\u00e9vio.<\/span><\/p>\n<p><span style=\"color: #b3b3ca;\"><b>6.2 Licen\u00e7a concedida por Piicco<br \/>\n<\/b><\/span><\/p>\n<p><span style=\"color: #b3b3ca;\">Devido \u00e0 sua navega\u00e7\u00e3o nas Plataformas, concedemos-lhe uma licen\u00e7a limitada e n\u00e3o exclusiva para o Conte\u00fado, permitindo-lhe exibi-lo, imprimi-lo, para os seus fins pessoais e n\u00e3o comerciais, bem como partilh\u00e1-lo em diferentes redes sociais, sujeito ao seu compromisso de n\u00e3o modificar o Conte\u00fado de forma alguma. Qualquer outra utiliza\u00e7\u00e3o do Conte\u00fado \u00e9 proibida, incluindo a utiliza\u00e7\u00e3o contr\u00e1ria ao previsto na Sec\u00e7\u00e3o 6. O Conte\u00fado n\u00e3o pode ser reproduzido, reutilizado, reproduzido de qualquer maneira ou forma, excepto conforme permitido nestes Termos, sem o consentimento pr\u00e9vio por escrito do Piicco.<\/span><\/p>\n<p><span style=\"color: #b3b3ca;\"><b>6.3 Marcas<br \/>\n<\/b><\/span><\/p>\n<p><span style=\"color: #b3b3ca;\">Todo o Conte\u00fado das Plataformas pertence a Piicco ou pertence ao propriet\u00e1rio identificado por Piicco, e \u00e9 protegido pelas leis aplic\u00e1veis, incluindo as leis de direitos de autor. O utilizador n\u00e3o poder\u00e1 copiar, reproduzir, publicar, republicar, transmitir ou utilizar qualquer deles sem o nosso consentimento pr\u00e9vio por escrito, a n\u00e3o ser de acordo com estes Termos.<\/span><\/p>\n<p><span style=\"color: #b3b3ca;\">Al\u00e9m disso, todas as marcas comerciais, registadas ou n\u00e3o, e todos os nomes comerciais contidos nas presentes Plataformas pertencem \u00e0 Piicco ou ao titular que validamente concedeu uma licen\u00e7a de utiliza\u00e7\u00e3o.<\/span><\/p>\n<p>&nbsp;<\/p>\n<p><span style=\"color: #964aff; text-transform: uppercase;\"><b>7. WEBSITES DE TERCEIROS<br \/>\n<\/b><\/span><\/p>\n<p><span style=\"color: #b3b3ca;\"><b>7.1 Termos de utiliza\u00e7\u00e3o e pol\u00edtica de privacidade<br \/>\n<\/b><\/span><\/p>\n<p><span style=\"color: #b3b3ca;\">Reconhece que as Plataformas podem utilizar websites de terceiros, incluindo, mas n\u00e3o se limitando a, websites de redes sociais. Estes websites s\u00e3o regidos pelos seus pr\u00f3prios termos de utiliza\u00e7\u00e3o, que n\u00e3o substituem ou renunciam a estes Termos. Encontrar\u00e1 os termos de utiliza\u00e7\u00e3o e as pol\u00edticas de privacidade nos websites de terceiros.<\/span><\/p>\n<p><span style=\"color: #b3b3ca;\">O utilizador reconhece que Piicco n\u00e3o tem conhecimento destas pol\u00edticas e n\u00e3o pode fornecer quaisquer recomenda\u00e7\u00f5es ou opini\u00f5es no que respeita ao seu conte\u00fado.<\/span><\/p>\n<p><span style=\"color: #b3b3ca;\"><b>7.2 Liga\u00e7\u00f5es<br \/>\n<\/b><\/span><\/p>\n<p><span style=\"color: #b3b3ca;\">As nossas Plataformas podem conter links para outros s\u00edtios Web de propriedade de terceiros. A este respeito, reconhece que Piicco n\u00e3o tem qualquer controlo sobre estes websites, e reconhece que n\u00e3o leu todo o conte\u00fado dispon\u00edvel nos websites, que est\u00e3o ligados no Conte\u00fado das Plataformas. Consequentemente, Piicco renuncia a qualquer responsabilidade por qualquer conte\u00fado dos websites sobre os quais n\u00e3o tem qualquer controlo. Ao aceder a um website atrav\u00e9s de um link no Conte\u00fado das Plataformas, o utilizador actua por sua pr\u00f3pria conta e risco.<\/span><\/p>\n<p><span style=\"color: #b3b3ca;\">Finalmente, o utilizador reconhece que a inclus\u00e3o de tais liga\u00e7\u00f5es n\u00e3o implica que Piicco patrocine marcas registadas, nomes comerciais, desenhos, log\u00f3tipos, s\u00edmbolos ou outro material protegido por direitos de autor publicado em tais sites, ou que Piicco \u00e9 afiliado ou associado, ou que Piicco est\u00e1 legalmente autorizado a utiliz\u00e1-lo.<\/span><\/p>\n<p>&nbsp;<\/p>\n<p><span style=\"color: #964aff; text-transform: uppercase;\"><b>8. INDEMNIZA\u00c7\u00c3O<br \/>\n<\/b><\/span><\/p>\n<p class=\"Normalindent1\"><span lang=\"FR-CA\" style=\"color: #b3b3ca;\">Na medida permitida por lei, no caso de qualquer reclama\u00e7\u00e3o de terceiros ao Piicco ou aos seus representantes ou agentes relacionada, directa ou indirectamente, com a viola\u00e7\u00e3o destes Termos pelo cliente, este concorda em assumir a defesa do Piicco e mant\u00ea-lo livre e ileso de qualquer perda relacionada com tais reclama\u00e7\u00f5es, incluindo taxas legais.<\/span><\/p>\n<p>&nbsp;<\/p>\n<p><span style=\"color: #964aff; text-transform: uppercase;\"><b>9. EXCLUS\u00c3O DE GARANTIAS E LIMITA\u00c7\u00c3O DE RESPONSABILIDADE<br \/>\n<\/b><\/span><\/p>\n<p class=\"Normalindent1\"><span lang=\"FR-CA\" style=\"color: #b3b3ca;\">PIICCO TENTA FORNECER O WEBSITE NUM QUADRO SEGURO E NUM AMBIENTE SEM DEFEITO OU ERRO. CONTUDO, O UTILIZADOR CONCORDA QUE A UTILIZA\u00c7\u00c3O DO S\u00cdTIO WEB E OS SEUS ACTOS OU OMISS\u00d5ES BASEADOS NAS INFORMA\u00c7\u00d5ES FORNECIDAS NO S\u00cdTIO WEB S\u00c3O POR SUA CONTA E RISCO. PIICCO FORNECE O S\u00cdTIO WEB &#8220;TAL COMO EST\u00c1&#8221; SEM QUAISQUER GARANTIAS EXPRESSAS OU IMPL\u00cdCITAS, INCLUINDO AS GARANTIAS IMPL\u00cdCITAS DE INFORMA\u00c7\u00c3O LIVRE DE ERROS. TAMB\u00c9M N\u00c3O H\u00c1 GARANTIA DE QUE AS PLATAFORMAS ESTEJAM ISENTAS DE ERROS OU QUE AS MESMAS FUNCIONEM SEMPRE SEM INTERRUP\u00c7\u00c3O, ATRASO OU IMPERFEI\u00c7\u00c3O. NA MEDIDA DO PERMITIDO POR LEI, A PIICCO N\u00c3O ASSUME QUALQUER RESPONSABILIDADE PERANTE O UTILIZADOR OU QUALQUER OUTRA PESSOA POR PERDAS OU DANOS DE QUALQUER TIPO, INCLUINDO DANOS ESPECIAIS OU CONSEQUENTES, QUER O UTILIZADOR POSSA SOFRER, DIRECTA OU INDIRECTAMENTE, PELA UTILIZA\u00c7\u00c3O OU FUNCIONAMENTO DAS PLATAFORMAS, OU POR QUALQUER INFORMA\u00c7\u00c3O QUE NELAS APARE\u00c7A, OU POR ACTOS OU OMISS\u00d5ES DO UTILIZADOR COM BASE EM QUALQUER INFORMA\u00c7\u00c3O FORNECIDA NAS PLATAFORMAS OU NO CONTE\u00daDO DAS PLATAFORMAS OU EM QUALQUER OUTRA PLATAFORMA A QUE O UTILIZADOR POSSA ACEDER ATRAV\u00c9S DAS PLATAFORMAS.<\/span><\/p>\n<p>&nbsp;<\/p>\n<p><span style=\"color: #964aff; text-transform: uppercase;\"><b>10. DISPOSI\u00c7\u00d5ES GERAIS<br \/>\n<\/b><\/span><\/p>\n<p><span style=\"color: #b3b3ca;\"><b>10.1 Falha \u2013 Defeito<br \/>\n<\/b><\/span><\/p>\n<p><span style=\"color: #b3b3ca;\">O n\u00e3o exerc\u00edcio ou atraso por Piicco de qualquer direito, recurso ou garantia ao abrigo destes Termos n\u00e3o constituir\u00e1 uma ren\u00fancia a tal direito, recurso ou privil\u00e9gio. Da mesma forma, Piicco n\u00e3o est\u00e1 de modo algum impedido de exercer posteriormente qualquer direito, recurso ou privil\u00e9gio que n\u00e3o tenha exercido anteriormente, no todo ou em parte.<\/span><\/p>\n<p><span style=\"color: #b3b3ca;\"><b>10.2 Lei aplic\u00e1vel<br \/>\n<\/b><\/span><\/p>\n<p><span style=\"color: #b3b3ca;\">Estes Termos, a sua interpreta\u00e7\u00e3o, o seu desempenho, a sua aplica\u00e7\u00e3o, a sua validade e os seus efeitos est\u00e3o sujeitos \u00e0s leis em vigor na Prov\u00edncia do Qu\u00e9bec e \u00e0s leis em vigor no Canad\u00e1 aplic\u00e1veis na Prov\u00edncia do Qu\u00e9bec que regem em parte ou na sua totalidade todas as disposi\u00e7\u00f5es neles contidas. Na medida em que a lei o permita, qualquer reclama\u00e7\u00e3o, directa ou indirectamente, ser\u00e1 submetida \u00e0 jurisdi\u00e7\u00e3o exclusiva dos tribunais do Qu\u00e9bec, excluindo os tribunais de qualquer outra jurisdi\u00e7\u00e3o.<\/span><\/p>\n<p><span style=\"color: #b3b3ca;\"><b>10.3 Altera\u00e7\u00f5es<br \/>\n<\/b><\/span><\/p>\n<p><span style=\"color: #b3b3ca;\">Piicco reserva-se o direito, a seu exclusivo crit\u00e9rio, de modificar as Plataformas, o Conte\u00fado e estes Termos em qualquer altura sem aviso pr\u00e9vio. Quando forem feitas altera\u00e7\u00f5es aos Termos, Piicco concorda em alterar a data da \u00faltima actualiza\u00e7\u00e3o. Ao continuar a navegar nas Plataformas, o utilizador concorda em ficar vinculado aos presentes Termos, incluindo quaisquer altera\u00e7\u00f5es aos mesmos. Caso contr\u00e1rio, o seu \u00fanico recurso \u00e9 deixar de utilizar as Plataformas.<\/span>[\/vc_column_text][\/vc_column][\/vc_row]<\/p>\n","protected":false},"excerpt":{"rendered":"<p>[vc_row css=&#8221;.vc_custom_1542962355815{padding-top: 110px !important;padding-bottom: 10px !important;}&#8221;][vc_column enable_content_animation=&#8221;yes&#8221; ca_init_scale_x=&#8221;1&#8243; ca_init_scale_y=&#8221;1&#8243; ca_init_scale_z=&#8221;1&#8243; ca_init_opacity=&#8221;0&#8243; ca_an_scale_x=&#8221;1&#8243; ca_an_scale_y=&#8221;1&#8243; ca_an_scale_z=&#8221;1&#8243; ca_an_opacity=&#8221;1&#8243;&#8230;<\/p>\n","protected":false},"author":2,"featured_media":0,"parent":0,"menu_order":0,"comment_status":"closed","ping_status":"closed","template":"","meta":{"footnotes":""},"class_list":["post-7859","page","type-page","status-publish","hentry"],"_links":{"self":[{"href":"https:\/\/piicco.com\/pt-pt\/wp-json\/wp\/v2\/pages\/7859","targetHints":{"allow":["GET"]}}],"collection":[{"href":"https:\/\/piicco.com\/pt-pt\/wp-json\/wp\/v2\/pages"}],"about":[{"href":"https:\/\/piicco.com\/pt-pt\/wp-json\/wp\/v2\/types\/page"}],"author":[{"embeddable":true,"href":"https:\/\/piicco.com\/pt-pt\/wp-json\/wp\/v2\/users\/2"}],"replies":[{"embeddable":true,"href":"https:\/\/piicco.com\/pt-pt\/wp-json\/wp\/v2\/comments?post=7859"}],"version-history":[{"count":4,"href":"https:\/\/piicco.com\/pt-pt\/wp-json\/wp\/v2\/pages\/7859\/revisions"}],"predecessor-version":[{"id":7976,"href":"https:\/\/piicco.com\/pt-pt\/wp-json\/wp\/v2\/pages\/7859\/revisions\/7976"}],"wp:attachment":[{"href":"https:\/\/piicco.com\/pt-pt\/wp-json\/wp\/v2\/media?parent=7859"}],"curies":[{"name":"wp","href":"https:\/\/api.w.org\/{rel}","templated":true}]}}