{"id":7852,"date":"2021-02-25T17:34:19","date_gmt":"2021-02-25T22:34:19","guid":{"rendered":"https:\/\/piicco.com\/confidentialite\/"},"modified":"2023-12-12T01:23:10","modified_gmt":"2023-12-12T06:23:10","slug":"politica-de-privacidade","status":"publish","type":"page","link":"https:\/\/piicco.com\/pt-pt\/politica-de-privacidade\/","title":{"rendered":"Pol\u00edtica de privacidade"},"content":{"rendered":"<p>[vc_row css=&#8221;.vc_custom_1542962355815{padding-top: 110px !important;padding-bottom: 10px !important;}&#8221;][vc_column enable_content_animation=&#8221;yes&#8221; ca_init_scale_x=&#8221;1&#8243; ca_init_scale_y=&#8221;1&#8243; ca_init_scale_z=&#8221;1&#8243; ca_init_opacity=&#8221;0&#8243; ca_an_scale_x=&#8221;1&#8243; ca_an_scale_y=&#8221;1&#8243; ca_an_scale_z=&#8221;1&#8243; ca_an_opacity=&#8221;1&#8243; align=&#8221;text-left&#8221; offset=&#8221;vc_col-md-offset-2 vc_col-md-8&#8243; ca_init_translate_y=&#8221;45&#8243; css=&#8221;.vc_custom_1614206861227{margin-top: 150px !important;margin-bottom: 150px !important;}&#8221;]<style>.ld_fancy_heading_69eb95af961ba h5{font-weight:700;color:rgb(255, 142, 50);}.ld_fancy_heading_69eb95af961ba .lqd-highlight-inner{height:0.275em;bottom:0px;}<\/style><div class=\"ld-fancy-heading ld_fancy_heading_69eb95af961ba\">\n\t<h5 class=\"lqd-highlight-underline lqd-highlight-grow-left\" ><span class=\"ld-fh-txt\"> <span style=\"color: #964aff\">POL\u00cdTICA DE PRIVACIDADE<\/span><\/span><\/h5><\/div>[vc_column_text]<span style=\"color: #fffff3;\">Adoptado em 21 de Fevereiro de 2021 (Actualizado em 5 de dezembro de 2023)<br \/>\n<\/span><\/p>\n<p><span style=\"color: #b3b3ca;\"><em>The Piicco Talents Group inc.<\/em> e as suas filiais, (doravante &#8220;<strong>Piicco<\/strong>&#8220;), atribuem grande import\u00e2ncia ao respeito pela privacidade dos seus clientes, dos seus empregados e fornecedores. \u00c9 por esta raz\u00e3o que Piicco estabeleceu esta pol\u00edtica de privacidade de informa\u00e7\u00f5es pessoais (&#8220;<strong>Pol\u00edtica<\/strong>&#8220;) com o objectivo de reger as pr\u00e1ticas de Piicco relativamente \u00e0 recolha, utiliza\u00e7\u00e3o e divulga\u00e7\u00e3o de informa\u00e7\u00f5es pessoais, tudo em conformidade com os direitos de cada indiv\u00edduo que solicita os servi\u00e7os ou produtos de Piicco.<\/span><\/p>\n<p><span style=\"color: #b3b3ca;\">Os sites www.piicco.com e www.piiccotalents.com, a aplica\u00e7\u00e3o web, a aplica\u00e7\u00e3o m\u00f3vel e as plataformas (doravante &#8220;<strong>Plataformas<\/strong>&#8220;) s\u00e3o propriedade da The Piicco Talents Group inc. (&#8220;<strong>Piicco<\/strong>&#8220;) e tem como objectivo fornecer informa\u00e7\u00f5es sobre Piicco, o seu neg\u00f3cio, servi\u00e7os e produtos, bem como interagir com os seus clientes e utilizadores sobre as caracter\u00edsticas das Plataformas. Mais precisamente, as Plataformas oferecem uma tecnologia \u00fanica modernizando a gest\u00e3o de talentos atl\u00e9ticos e o desporto online para todo o ecossistema atl\u00e9tico. A Piicco oferece caracter\u00edsticas integradas que permitem a liga\u00e7\u00e3o, liga\u00e7\u00e3o em rede, desenvolvimento e gest\u00e3o de comunica\u00e7\u00e3o e actividades a toda a comunidade desportiva.<\/span><\/p>\n<p><span style=\"color: #b3b3ca;\">Esta Pol\u00edtica refere-se \u00e0 forma como Piicco recolhe, utiliza, revela e protege as suas informa\u00e7\u00f5es pessoais quando solicita os seus servi\u00e7os ou utiliza as suas Plataformas. As nossas pr\u00e1ticas relativas ao respeito das suas informa\u00e7\u00f5es pessoais est\u00e3o em conformidade com a Lei de Quebec relativa \u00e0 Protec\u00e7\u00e3o de Informa\u00e7\u00f5es Pessoais no Sector Privado e com a Lei de Protec\u00e7\u00e3o de Informa\u00e7\u00f5es Pessoais e Documentos Electr\u00f3nicos do Canad\u00e1 (PIPEDA). Esta Pol\u00edtica n\u00e3o se aplica \u00e0s informa\u00e7\u00f5es que n\u00e3o constituam &#8220;informa\u00e7\u00f5es pessoais&#8221; ao abrigo das leis aplic\u00e1veis em mat\u00e9ria de respeito pela privacidade.<\/span><\/p>\n<p><span style=\"color: #b3b3ca;\">Al\u00e9m disso, \u00e9 sempre livre de fornecer ou n\u00e3o informa\u00e7\u00f5es pessoais, bem como de as tornar p\u00fablicas ou n\u00e3o para a comunidade de utilizadores do Piicco. Em qualquer altura, poder\u00e1 alterar e modificar as suas informa\u00e7\u00f5es pessoais como entender, e retirar o seu consentimento sabendo que as suas informa\u00e7\u00f5es pessoais est\u00e3o dispon\u00edveis para outros utilizadores Piicco.<\/span><\/p>\n<p>&nbsp;<\/p>\n<p><strong><span style=\"color: #964aff;\">1. O COMPROMISSO DE PIICCO: ADERINDO AOS PRINC\u00cdPIOS DA INFORMA\u00c7\u00c3O JUSTA<br \/>\n<\/span><\/strong><\/p>\n<p><span style=\"color: #b3b3ca;\">No Canad\u00e1, os 10 princ\u00edpios de informa\u00e7\u00e3o justa do PIPEDA formam as regras b\u00e1sicas para a recolha, utiliza\u00e7\u00e3o e divulga\u00e7\u00e3o de informa\u00e7\u00f5es pessoais, bem como para fornecer acesso a informa\u00e7\u00f5es pessoais. Eles d\u00e3o aos indiv\u00edduos o controlo sobre a forma como as suas informa\u00e7\u00f5es pessoais s\u00e3o tratadas no sector privado.<\/span><\/p>\n<p><span style=\"color: #b3b3ca;\">Piicco adere aos seguintes 10 princ\u00edpios de privacidade:<\/span><\/p>\n<p><span style=\"color: #b3b3ca;\">1) Responsabiliza\u00e7\u00e3o<\/span><\/p>\n<p class=\"Normalindent2\"><span lang=\"FR-CA\" style=\"color: #b3b3ca;\">Piicco \u00e9 respons\u00e1vel pelas informa\u00e7\u00f5es pessoais sob o seu controlo e p\u00f4s em pr\u00e1tica um processo para assegurar e ser respons\u00e1vel pela conformidade de Piicco com esta Pol\u00edtica e os 10 Princ\u00edpios de Privacidade.<\/span><\/p>\n<p><span style=\"color: #b3b3ca;\">2) <span style=\"font-weight: 400;\">Identifica\u00e7\u00e3o de Prop\u00f3sitos<\/span><\/span><\/p>\n<p class=\"Normalindent2\"><span lang=\"FR-CA\" style=\"color: #b3b3ca;\">Piicco identificar\u00e1 a finalidade para a qual a informa\u00e7\u00e3o pessoal \u00e9 recolhida no momento ou antes do momento em que a informa\u00e7\u00e3o \u00e9 recolhida. Algumas das finalidades identificadas para as quais Piicco recolhe, utiliza e divulga as suas informa\u00e7\u00f5es pessoais s\u00e3o descritas abaixo nesta Pol\u00edtica. No caso de Piicco desejar recolher, utilizar e\/ou divulgar informa\u00e7\u00f5es pessoais para fins diferentes dos descritos na presente Pol\u00edtica, Piicco solicitar\u00e1 o seu consentimento.<\/span><\/p>\n<p><span style=\"color: #b3b3ca;\">3) Consentimento<\/span><\/p>\n<p class=\"Normalindent2\"><span lang=\"FR-CA\" style=\"color: #b3b3ca;\">Piicco compromete-se a obter o seu consentimento informado para a recolha, utiliza\u00e7\u00e3o ou divulga\u00e7\u00e3o das suas informa\u00e7\u00f5es pessoais, excepto conforme exigido por lei.<\/span><\/p>\n<p><span style=\"color: #b3b3ca;\">4) Limitando a Recolha<\/span><\/p>\n<p><span style=\"color: #b3b3ca;\"><a style=\"color: #b3b3ca;\" name=\"_Hlk64458540\"><\/a><span lang=\"FR-CA\">Piicco limitar\u00e1 a recolha de informa\u00e7\u00e3o pessoal, tanto em termos da natureza como da quantidade de informa\u00e7\u00e3o, \u00e0quela que \u00e9 necess\u00e1ria para cumprir os objectivos identificados por Piicco. Piicco recolher\u00e1 as suas informa\u00e7\u00f5es pessoais de uma forma justa e legal e n\u00e3o de uma forma enganosa ou enganosa quanto ao objectivo para o qual Piicco est\u00e1 a recolher as suas informa\u00e7\u00f5es pessoais.<\/span><\/span><\/p>\n<p><span style=\"color: #b3b3ca;\">5) <span style=\"font-weight: 400;\">Uso Limitado, Divulga\u00e7\u00e3o e Reten\u00e7\u00e3o<\/span> <\/span><\/p>\n<p class=\"Normalindent2\"><span style=\"color: #b3b3ca;\"><a style=\"color: #b3b3ca;\" name=\"_Hlk64458572\"><\/a><\/span><\/p>\n<p><span style=\"color: #b3b3ca;\">6) Exactid\u00e3o<\/span><\/p>\n<p class=\"Normalindent2\"><span lang=\"FR-CA\" style=\"color: #b3b3ca;\">Piicco tentar\u00e1 certificar-se de que as suas informa\u00e7\u00f5es pessoais s\u00e3o exactas, completas, actuais e necess\u00e1rias para os fins para os quais devem ser utilizadas.<\/span><\/p>\n<p><span style=\"color: #b3b3ca;\">7) Salvaguardas<\/span><\/p>\n<p class=\"Normalindent2\"><span lang=\"FR-CA\" style=\"color: #b3b3ca;\">Piicco proteger\u00e1 a sua informa\u00e7\u00e3o pessoal atrav\u00e9s de salvaguardas de seguran\u00e7a adequadas \u00e0 sensibilidade da informa\u00e7\u00e3o.<\/span><\/p>\n<p><span style=\"color: #b3b3ca;\">8) Abertura<\/span><\/p>\n<p class=\"Normalindent2\"><span lang=\"FR-CA\" style=\"color: #b3b3ca;\">Piicco colocar\u00e1 prontamente \u00e0 sua disposi\u00e7\u00e3o informa\u00e7\u00f5es espec\u00edficas sobre as nossas pol\u00edticas e pr\u00e1ticas relacionadas com a gest\u00e3o de informa\u00e7\u00f5es pessoais.<\/span><\/p>\n<p><span style=\"color: #b3b3ca;\">9) Acesso Individual<\/span><\/p>\n<p class=\"Normalindent2\"><span lang=\"FR-CA\" style=\"color: #b3b3ca;\">Sob certas excep\u00e7\u00f5es, Piicco inform\u00e1-lo-\u00e1, mediante pedido escrito, da exist\u00eancia, utiliza\u00e7\u00e3o e divulga\u00e7\u00e3o das suas informa\u00e7\u00f5es pessoais e dar-lhe-\u00e1 acesso a essas informa\u00e7\u00f5es. Uma pessoa poder\u00e1 contestar a exactid\u00e3o e a integridade das informa\u00e7\u00f5es na posse de Piicco e mandar alterar as mesmas conforme apropriado.<\/span><\/p>\n<p><span style=\"color: #b3b3ca;\">10) <span style=\"font-weight: 400;\">Desafiar o Cumprimento<\/span><\/span><\/p>\n<p class=\"Normalindent2\"><span lang=\"FR-CA\" style=\"color: #b3b3ca;\">Tem o direito de apresentar uma queixa sobre o nosso cumprimento desta Pol\u00edtica no endere\u00e7o : <a style=\"color: #b3b3ca;\" href=\"mailto:support@piicco.com\">support@piicco.com<\/a>.<\/span><\/p>\n<p>&nbsp;<\/p>\n<p><span style=\"color: #964aff;\"><strong>2. RECOLHA E UTILIZA\u00c7\u00c3O DE INFORMA\u00c7\u00d5ES PESSOAIS<\/strong><\/span><\/p>\n<p><span style=\"color: #b3b3ca;\">Piicco pode recolher informa\u00e7\u00f5es pessoais suas:<\/span><\/p>\n<ul>\n<li><span style=\"color: #b3b3ca;\">quando compra ou subscreve qualquer um dos nossos produtos ou servi\u00e7os, incluindo para a sua utiliza\u00e7\u00e3o das Plataformas Piicco;<\/span><\/li>\n<li><span style=\"color: #b3b3ca;\">quando se utilizam caracter\u00edsticas para gest\u00e3o de equipas e clubes (ou qualquer outro tipo de organiza\u00e7\u00e3o desportiva), exposi\u00e7\u00e3o, networking, gest\u00e3o, e desenvolvimento e monitoriza\u00e7\u00e3o de talentos atl\u00e9ticos;<\/span><\/li>\n<li><span style=\"color: #b3b3ca;\">quando solicita informa\u00e7\u00f5es sobre qualquer um dos nossos produtos e servi\u00e7os;<\/span><\/li>\n<li><span style=\"color: #b3b3ca;\">quando contactar o Servi\u00e7o de Atendimento ao Cliente da Piicco ou quaisquer empregados ou profissionais da Piicco;<\/span><\/li>\n<li><span style=\"color: #b3b3ca;\">quando visita as Plataformas Piicco, ou quando efectua transac\u00e7\u00f5es sobre elas;<\/span><\/li>\n<li><span style=\"color: #b3b3ca;\">quando nos fornece coment\u00e1rios ou sugest\u00f5es.<\/span><\/li>\n<\/ul>\n<p>&nbsp;<\/p>\n<p><strong><span style=\"color: #964aff;\">3. UTILIZA\u00c7\u00c3O DE INFORMA\u00c7\u00d5ES PESSOAIS<\/span><\/strong><\/p>\n<p><span style=\"color: #b3b3ca;\">Piicco pode utilizar informa\u00e7\u00f5es pessoais para:<\/span><\/p>\n<ul>\n<li><span style=\"color: #b3b3ca;\">oferecem solu\u00e7\u00f5es adaptadas \u00e0s suas Plataformas no sector global de gest\u00e3o de talentos atl\u00e9ticos on-line, tanto para atletas como para organiza\u00e7\u00f5es desportivas;<\/span><\/li>\n<li><span style=\"color: #b3b3ca;\">identificar clientes, empregados e fornecedores para estabelecer e manter uma rela\u00e7\u00e3o com eles;<\/span><\/li>\n<li><span style=\"color: #b3b3ca;\">permitir aos clientes ou utilizadores das Plataformas Piicco interagir uns com os outros atrav\u00e9s das caracter\u00edsticas das Plataformas;<\/span><\/li>\n<li><span style=\"color: #b3b3ca;\">fornecer aos clientes um servi\u00e7o cont\u00ednuo, para assegurar servi\u00e7os adequados e para melhor apoiar os clientes na utiliza\u00e7\u00e3o dos nossos servi\u00e7os;<\/span><\/li>\n<li><span style=\"color: #b3b3ca;\">melhorar as nossas ofertas de produtos e servi\u00e7os;<\/span><\/li>\n<li><span style=\"color: #b3b3ca;\">prevenir erros e fraudes;<\/span><\/li>\n<li><span style=\"color: #b3b3ca;\">cumprir os requisitos legais e de auditoria.<\/span><\/li>\n<\/ul>\n<p><span style=\"color: #b3b3ca;\">Piicco pode tamb\u00e9m utilizar informa\u00e7\u00f5es pessoais para compilar estat\u00edsticas sobre o seu neg\u00f3cio. Estas estat\u00edsticas n\u00e3o cont\u00eam informa\u00e7\u00f5es que possam identificar pessoalmente qualquer cliente individual, empregado ou fornecedor.<\/span><\/p>\n<p>&nbsp;<\/p>\n<p><span style=\"color: #964aff;\"><strong>4. OUTRAS UTILIZA\u00c7\u00d5ES DA INFORMA\u00c7\u00c3O PESSOAL<\/strong><\/span><\/p>\n<p><span style=\"color: #b3b3ca;\">Se todos ou uma parte dos activos do Piicco forem vendidos ou financiados, ou se o Piicco se fundir com outra empresa, as informa\u00e7\u00f5es pessoais na sua posse podem ser divulgadas ao credor, comprador ou empresa envolvida na fus\u00e3o. No entanto, tais informa\u00e7\u00f5es pessoais devem ser utilizadas estritamente de acordo com esta Pol\u00edtica.<\/span><\/p>\n<p>&nbsp;<\/p>\n<p><span style=\"color: #964aff;\"><strong>5. TRANSFER\u00caNCIAS PARA TERCEIROS E\/OU AGENTES<\/strong><\/span><\/p>\n<p><span style=\"color: #b3b3ca;\">Certos produtos e servi\u00e7os oferecidos atrav\u00e9s do Piicco podem ser fornecidos por terceiros em coopera\u00e7\u00e3o com o Piicco. A fim de lhe fornecer os produtos ou servi\u00e7os que nos solicita, poderemos ter de transferir informa\u00e7\u00f5es sobre si para esses terceiros.<\/span><\/p>\n<p><span style=\"color: #b3b3ca;\">Quando Piicco precisar de transferir informa\u00e7\u00f5es pessoais a terceiros para processamento em seu nome, Piicco celebrar\u00e1 um acordo contendo termos adequados de protec\u00e7\u00e3o de privacidade antes de qualquer informa\u00e7\u00e3o ser transferida para terceiros. Estes termos devem prever que o terceiro n\u00e3o utilizar\u00e1 as informa\u00e7\u00f5es pessoais para os seus pr\u00f3prios fins, manter\u00e1 as informa\u00e7\u00f5es pessoais seguras, e apenas processar\u00e1 as informa\u00e7\u00f5es segundo as instru\u00e7\u00f5es do Piicco.<\/span><\/p>\n<p><span style=\"color: #b3b3ca;\">Al\u00e9m disso, a utiliza\u00e7\u00e3o de certos produtos de terceiros para adquirir produtos ou servi\u00e7os da Piicco pode exigir que forne\u00e7amos as suas informa\u00e7\u00f5es pessoais a terceiros, a fim de processar a transac\u00e7\u00e3o.<\/span><\/p>\n<p>&nbsp;<\/p>\n<p><span style=\"color: #964aff;\"><strong>6. ACESSO \u00c0S INFORMA\u00c7\u00d5ES PESSOAIS E CORREC\u00c7\u00c3O DAS MESMAS<\/strong><\/span><\/p>\n<p><span style=\"color: #b3b3ca;\">O seu pedido de acesso \u00e0s suas informa\u00e7\u00f5es pessoais na posse de Piicco deve ser dirigido a: <a style=\"color: #b3b3ca;\" href=\"mailto:support@piicco.com\">support@piicco.com<\/a>.<\/span><\/p>\n<p><span style=\"color: #b3b3ca;\">Para garantir que as informa\u00e7\u00f5es s\u00e3o comunicadas \u00e0 pessoa certa, poder\u00e1 ser-lhe pedido que forne\u00e7a um documento de identifica\u00e7\u00e3o apropriado ou que se identifique de outra forma.<\/span><\/p>\n<p>&nbsp;<\/p>\n<p>&nbsp;<\/p>\n<p><span style=\"color: #964aff;\"><strong>7. ConsentE<\/strong><\/span><\/p>\n<p><span style=\"color: #b3b3ca;\">Pode retirar o seu consentimento para que a Piicco utilize ou revele as suas informa\u00e7\u00f5es pessoais atrav\u00e9s das suas Plataformas, enviando um pedido para o seguinte endere\u00e7o: <a style=\"color: #b3b3ca;\" href=\"mailto:support@piicco.com\">support@piicco.com<\/a>.<\/span><\/p>\n<p><span style=\"color: #b3b3ca;\">Poder\u00e1 ser-lhe pedido que forne\u00e7a uma identifica\u00e7\u00e3o adequada ou que se identifique de outra forma.<\/span><\/p>\n<p><span style=\"color: #b3b3ca;\">Em certas circunst\u00e2ncias, retirar o consentimento para a utiliza\u00e7\u00e3o ou divulga\u00e7\u00e3o de certas informa\u00e7\u00f5es pessoais pode fazer com que a Piicco deixe de poder fornecer certos produtos ou servi\u00e7os.<\/span><\/p>\n<p>&nbsp;<\/p>\n<p><span style=\"color: #964aff;\"><strong>8. DETEN\u00c7\u00c3O RECORDE DE INFORMA\u00c7\u00d5ES PESSOAIS<\/strong><\/span><\/p>\n<p><span style=\"color: #b3b3ca;\">Piicco apenas reter\u00e1 informa\u00e7\u00f5es pessoais enquanto for necess\u00e1rio para processar transac\u00e7\u00f5es relacionadas abrangidas por ele e de acordo com as leis e regulamentos, incluindo quaisquer regulamentos profissionais em vigor na prov\u00edncia do Quebec e no Canad\u00e1.<\/span><\/p>\n<p><span style=\"color: #b3b3ca;\">Toda a informa\u00e7\u00e3o pessoal recolhida por Piicco \u00e9 protegida por salvaguardas de seguran\u00e7a adequadas \u00e0 sensibilidade da informa\u00e7\u00e3o. Toda a informa\u00e7\u00e3o pessoal armazenada em formato electr\u00f3nico, incluindo toda a informa\u00e7\u00e3o recolhida atrav\u00e9s das Plataformas Piicco, \u00e9 mantida em bases de dados protegidas, confidenciais e seguras. Piicco avalia regularmente o seu equipamento e procedimentos de seguran\u00e7a e modifica-os, se necess\u00e1rio.<\/span><\/p>\n<p><span style=\"color: #964aff;\"><strong>9. PRIVACIDADE E DIREITOS DE AUTOR<\/strong><\/span><\/p>\n<p><span style=\"color: #b3b3ca;\">N\u00e3o \u00e9 permitido publicar ou postar informa\u00e7\u00f5es privadas de outras pessoas (como n\u00famero de telefone e endere\u00e7o residencial) sem sua expressa autoriza\u00e7\u00e3o e permiss\u00e3o.<\/span><\/p>\n<p><span style=\"color: #b3b3ca;\">N\u00e3o pode violar os direitos de propriedade intelectual de terceiros, incluindo direitos de autor e marcas registadas, enquanto utiliza o Piicco.<\/span><\/p>\n<p><span style=\"color: #964aff;\"><strong>10. APAGAR SUAS INFORMA\u00c7\u00d5ES OU SUA CONTA<\/strong><\/span><\/p>\n<p><span style=\"color: #b3b3ca;\">Para apagar suas informa\u00e7\u00f5es, voc\u00ea pode:<\/span><\/p>\n<ul>\n<li><span style=\"color: #b3b3ca;\"><strong>Encontrar e apagar informa\u00e7\u00f5es espec\u00edficas.<\/strong> Pode encontrar a informa\u00e7\u00e3o espec\u00edfica e utilizar os bot\u00f5es Eliminar para eliminar o conte\u00fado que publicou na sua conta. Quando elimina um conte\u00fado, este deixa de ser vis\u00edvel para outros utilizadores.<\/span><\/li>\n<li><span style=\"color: #b3b3ca;\"><strong>Eliminar permanentemente a sua conta.<\/strong> Pode apagar a sua conta no Piicco na sec\u00e7\u00e3o <strong>Defini\u00e7\u00f4es<\/strong>, que pode encontrar clicando no nome da sua conta no canto superior direito. Uma vez na sec\u00e7\u00e3o <strong>Defini\u00e7\u00f4es<\/strong>, pode aceder \u00e0 sec\u00e7\u00e3o <strong>Account<\/strong> (conta) e clicar no bot\u00e3o <strong>Delete my account button<\/strong> (Apagar a minha conta). Esta a\u00e7\u00e3o eliminar\u00e1 a sua conta definitivamente. Quando elimina a sua conta no Piicco, a sua informa\u00e7\u00e3o, incluindo tudo o que publicou, como fotografias ou estados, \u00e9 eliminada. Uma vez eliminada a sua conta, n\u00e3o poder\u00e1 reactiv\u00e1-la e n\u00e3o poder\u00e1 recuperar a sua informa\u00e7\u00e3o, incluindo o conte\u00fado que publicou.<\/span><\/li>\n<\/ul>\n<p>[\/vc_column_text][\/vc_column][\/vc_row]<\/p>\n","protected":false},"excerpt":{"rendered":"<p>[vc_row css=&#8221;.vc_custom_1542962355815{padding-top: 110px !important;padding-bottom: 10px !important;}&#8221;][vc_column enable_content_animation=&#8221;yes&#8221; ca_init_scale_x=&#8221;1&#8243; ca_init_scale_y=&#8221;1&#8243; ca_init_scale_z=&#8221;1&#8243; ca_init_opacity=&#8221;0&#8243; ca_an_scale_x=&#8221;1&#8243; ca_an_scale_y=&#8221;1&#8243; ca_an_scale_z=&#8221;1&#8243; ca_an_opacity=&#8221;1&#8243;&#8230;<\/p>\n","protected":false},"author":2,"featured_media":0,"parent":0,"menu_order":0,"comment_status":"closed","ping_status":"closed","template":"","meta":{"footnotes":""},"class_list":["post-7852","page","type-page","status-publish","hentry"],"_links":{"self":[{"href":"https:\/\/piicco.com\/pt-pt\/wp-json\/wp\/v2\/pages\/7852","targetHints":{"allow":["GET"]}}],"collection":[{"href":"https:\/\/piicco.com\/pt-pt\/wp-json\/wp\/v2\/pages"}],"about":[{"href":"https:\/\/piicco.com\/pt-pt\/wp-json\/wp\/v2\/types\/page"}],"author":[{"embeddable":true,"href":"https:\/\/piicco.com\/pt-pt\/wp-json\/wp\/v2\/users\/2"}],"replies":[{"embeddable":true,"href":"https:\/\/piicco.com\/pt-pt\/wp-json\/wp\/v2\/comments?post=7852"}],"version-history":[{"count":6,"href":"https:\/\/piicco.com\/pt-pt\/wp-json\/wp\/v2\/pages\/7852\/revisions"}],"predecessor-version":[{"id":8101,"href":"https:\/\/piicco.com\/pt-pt\/wp-json\/wp\/v2\/pages\/7852\/revisions\/8101"}],"wp:attachment":[{"href":"https:\/\/piicco.com\/pt-pt\/wp-json\/wp\/v2\/media?parent=7852"}],"curies":[{"name":"wp","href":"https:\/\/api.w.org\/{rel}","templated":true}]}}