{"id":7871,"date":"2022-06-19T04:19:59","date_gmt":"2022-06-19T04:19:59","guid":{"rendered":"https:\/\/piicco.com\/consentement\/"},"modified":"2022-06-19T04:43:01","modified_gmt":"2022-06-19T04:43:01","slug":"consent","status":"publish","type":"page","link":"https:\/\/piicco.com\/en\/consent\/","title":{"rendered":"Consent"},"content":{"rendered":"<p>[vc_row css=&#8221;.vc_custom_1542962355815{padding-top: 110px !important;padding-bottom: 10px !important;}&#8221;][vc_column enable_content_animation=&#8221;yes&#8221; ca_init_scale_x=&#8221;1&#8243; ca_init_scale_y=&#8221;1&#8243; ca_init_scale_z=&#8221;1&#8243; ca_init_opacity=&#8221;0&#8243; ca_an_scale_x=&#8221;1&#8243; ca_an_scale_y=&#8221;1&#8243; ca_an_scale_z=&#8221;1&#8243; ca_an_opacity=&#8221;1&#8243; align=&#8221;text-left&#8221; offset=&#8221;vc_col-md-offset-2 vc_col-md-8&#8243; ca_init_translate_y=&#8221;45&#8243; css=&#8221;.vc_custom_1614206861227{margin-top: 150px !important;margin-bottom: 150px !important;}&#8221;]<style>.ld_fancy_heading_6a074776a83fb h5{font-weight:700;color:rgb(255, 142, 50);}.ld_fancy_heading_6a074776a83fb .lqd-highlight-inner{height:0.275em;bottom:0px;}<\/style><div class=\"ld-fancy-heading ld_fancy_heading_6a074776a83fb\">\n\t<h5 class=\"lqd-highlight-underline lqd-highlight-grow-left\" ><span class=\"ld-fh-txt\"> <span style=\"color: #964aff\">CONSENTEMENT<\/span><\/span><\/h5><\/div>[vc_column_text]<span style=\"color: #fffff3;\">Adopt\u00e9 le 21 f\u00e9vrier 2021 (Mise \u00e0 jour le 15 mai 2022)<br \/>\n<\/span><\/p>\n<p><span style=\"color: #b3b3ca;\">Je confirme avoir l\u2019\u00e2ge de la majorit\u00e9 et je donne mon consentement pour la collecte, l\u2019utilisation et la communication de mes renseignements personnels en lien\u00a0avec les services et produits associ\u00e9s \u00e0\u00a0ce compte Piicco<sup>MC<\/sup>, comme d\u00e9crit dans les politiques.<\/span><\/p>\n<p><span style=\"color: #b3b3ca;\">OU<\/span><\/p>\n<p><span style=\"color: #b3b3ca;\">Je confirme \u00eatre une personne mineure et j\u2019ai le consentement d\u2019un parent ou d\u2019un tuteur pour la collecte, l\u2019utilisation et la communication de mes renseignements personnels en lien avec les services et produits associ\u00e9s \u00e0 ce compte Piicco<sup>MC<\/sup>, comme d\u00e9crit dans les politiques.<\/span><\/p>\n<p><span style=\"color: #b3b3ca;\">OU<\/span><\/p>\n<p><span style=\"color: #b3b3ca;\">Je confirme \u00eatre le parent ou le tuteur\u00a0de cette personne mineure\u00a0et je donne mon consentement pour la collecte, l\u2019utilisation et la communication de ses renseignements personnels en lien avec les services et produits associ\u00e9s \u00e0 ce compte Piicco<sup>MC<\/sup>, comme d\u00e9crit dans les politiques.<\/span>[\/vc_column_text][\/vc_column][\/vc_row]<\/p>\n","protected":false},"excerpt":{"rendered":"<p>[vc_row css=&#8221;.vc_custom_1542962355815{padding-top: 110px !important;padding-bottom: 10px !important;}&#8221;][vc_column enable_content_animation=&#8221;yes&#8221; ca_init_scale_x=&#8221;1&#8243; ca_init_scale_y=&#8221;1&#8243; ca_init_scale_z=&#8221;1&#8243; ca_init_opacity=&#8221;0&#8243; ca_an_scale_x=&#8221;1&#8243; ca_an_scale_y=&#8221;1&#8243; ca_an_scale_z=&#8221;1&#8243; ca_an_opacity=&#8221;1&#8243;&#8230;<\/p>\n","protected":false},"author":1,"featured_media":0,"parent":0,"menu_order":0,"comment_status":"closed","ping_status":"closed","template":"","meta":{"footnotes":""},"class_list":["post-7871","page","type-page","status-publish","hentry"],"_links":{"self":[{"href":"https:\/\/piicco.com\/en\/wp-json\/wp\/v2\/pages\/7871","targetHints":{"allow":["GET"]}}],"collection":[{"href":"https:\/\/piicco.com\/en\/wp-json\/wp\/v2\/pages"}],"about":[{"href":"https:\/\/piicco.com\/en\/wp-json\/wp\/v2\/types\/page"}],"author":[{"embeddable":true,"href":"https:\/\/piicco.com\/en\/wp-json\/wp\/v2\/users\/1"}],"replies":[{"embeddable":true,"href":"https:\/\/piicco.com\/en\/wp-json\/wp\/v2\/comments?post=7871"}],"version-history":[{"count":1,"href":"https:\/\/piicco.com\/en\/wp-json\/wp\/v2\/pages\/7871\/revisions"}],"predecessor-version":[{"id":7876,"href":"https:\/\/piicco.com\/en\/wp-json\/wp\/v2\/pages\/7871\/revisions\/7876"}],"wp:attachment":[{"href":"https:\/\/piicco.com\/en\/wp-json\/wp\/v2\/media?parent=7871"}],"curies":[{"name":"wp","href":"https:\/\/api.w.org\/{rel}","templated":true}]}}